{"id":56,"date":"2017-12-12T10:55:12","date_gmt":"2017-12-12T14:55:12","guid":{"rendered":"http:\/\/ayuntamiento.guineo\/transparencia\/?page_id=56"},"modified":"2020-12-10T11:40:49","modified_gmt":"2020-12-10T15:40:49","slug":"derechos-de-los-ciudadanos","status":"publish","type":"page","link":"https:\/\/distritomunicipalmaimon.gob.do\/transparencia\/derechos-de-los-ciudadanos\/","title":{"rendered":"Derechos de los Ciudadanos"},"content":{"rendered":"<p><span style=\"font-size: 12pt\">LEY GENERAL DE LIBRE ACCESO A LA INFORMACI\u00d3N P\u00daBLICA\u00a0<\/span><\/p>\n<p style=\"text-align: justify\">Con la Ley 200-04 se garantiza, entre otros aspectos:<\/p>\n<p style=\"text-align: justify\">El derecho de los ciudadanas y ciudadanos a acceder a las informaciones registradas en todo tipo de documentos (escritos, grabados, \u00f3pticos, electr\u00f3nicos, im\u00e1genes etc); incluyendo a las entidades del Estado y aquellas donde \u00e9ste tiene participaci\u00f3n.<\/p>\n<p style=\"text-align: justify\">Que la satisfacci\u00f3n al pedimento de las informaciones debe ser respondido por las entidades a las que se les solicita la informaci\u00f3n en un plazo no mayor de quince d\u00edas h\u00e1biles.<\/p>\n<p style=\"text-align: justify\">Adem\u00e1s, instruye a las instituciones del Estado a mantener un sistema de informaci\u00f3n sobre sus actos y quienes son beneficiados y contempla sanci\u00f3n para aquellos funcionarios que sin justificaci\u00f3n nieguen las informaciones.<\/p>\n<p style=\"text-align: justify\">Los beneficios que esta Ley nos ofrece son incalculables, por lo que se hace necesario que los diferentes sectores de la sociedad la conozcan y puedan hacer valer el cumplimiento de la misma.<\/p>\n<p style=\"text-align: justify\">Esperamos que los actores gubernamentales responsables de ofrecer las informaciones, muestren toda su cooperaci\u00f3n y colaboraci\u00f3n para que el pa\u00eds pueda disponer de una experiencia exitosa en el cumplimiento de la Ley.<\/p>\n<p style=\"text-align: justify\">Programa de Transparencia de la Gesti\u00f3n P\u00fablica<br \/>\nSanto Domingo. R.D<\/p>\n","protected":false},"excerpt":{"rendered":"LEY GENERAL DE LIBRE ACCESO A LA INFORMACI\u00d3N P\u00daBLICA\u00a0 Con la Ley 200-04 se garantiza, entre otros aspectos: El derecho de los ciudadanas y ciudadanos a acceder a las informaciones registradas en todo tipo de documentos (escritos, grabados, \u00f3pticos, electr\u00f3nicos, im\u00e1genes etc); incluyendo a las entidades del Estado y aquellas donde \u00e9ste tiene participaci\u00f3n. Que&#8230;","protected":false},"author":1,"featured_media":0,"parent":0,"menu_order":0,"comment_status":"closed","ping_status":"closed","template":"","meta":{"footnotes":""},"class_list":["post-56","page","type-page","status-publish","hentry"],"acf":[],"_links":{"self":[{"href":"https:\/\/distritomunicipalmaimon.gob.do\/transparencia\/wp-json\/wp\/v2\/pages\/56"}],"collection":[{"href":"https:\/\/distritomunicipalmaimon.gob.do\/transparencia\/wp-json\/wp\/v2\/pages"}],"about":[{"href":"https:\/\/distritomunicipalmaimon.gob.do\/transparencia\/wp-json\/wp\/v2\/types\/page"}],"author":[{"embeddable":true,"href":"https:\/\/distritomunicipalmaimon.gob.do\/transparencia\/wp-json\/wp\/v2\/users\/1"}],"replies":[{"embeddable":true,"href":"https:\/\/distritomunicipalmaimon.gob.do\/transparencia\/wp-json\/wp\/v2\/comments?post=56"}],"version-history":[{"count":4,"href":"https:\/\/distritomunicipalmaimon.gob.do\/transparencia\/wp-json\/wp\/v2\/pages\/56\/revisions"}],"predecessor-version":[{"id":629,"href":"https:\/\/distritomunicipalmaimon.gob.do\/transparencia\/wp-json\/wp\/v2\/pages\/56\/revisions\/629"}],"wp:attachment":[{"href":"https:\/\/distritomunicipalmaimon.gob.do\/transparencia\/wp-json\/wp\/v2\/media?parent=56"}],"curies":[{"name":"wp","href":"https:\/\/api.w.org\/{rel}","templated":true}]}}