{"id":339,"date":"2018-01-22T15:11:07","date_gmt":"2018-01-22T19:11:07","guid":{"rendered":"http:\/\/ayuntamiento.o\/transparencia\/?page_id=339"},"modified":"2019-12-29T12:26:32","modified_gmt":"2019-12-29T16:26:32","slug":"como-ser-proveedor","status":"publish","type":"page","link":"https:\/\/distritomunicipalmaimon.gob.do\/transparencia\/como-ser-proveedor\/","title":{"rendered":"\u00bfC\u00f3mo ser proveedor?"},"content":{"rendered":"<p>ASI PUEDES SER PROVEEDOR DE NUESTRA JUNTA<\/p>\n<h3>PERSONAS F\u00cdSICAS NACIONALES:<\/h3>\n<p>1. Completar el formulario de solicitud.<\/p>\n<p>2. Documento seg\u00fan solicitante:<\/p>\n<p>a. Abogados: Certificaci\u00f3n original o carnet del Colegio Dominicano de Abogados.<\/p>\n<p>b. Notarios: Certificaci\u00f3n original o carnet del Colegio Dominicano de Notarios Inc.<\/p>\n<p>c. M\u00e9dicos: Certificaci\u00f3n original del Colegio M\u00e9dico Dominicano.<\/p>\n<p>d. Ingenieros, arquitectos y agrimensores: Certificaci\u00f3n original del Colegio Dominicanos de Ingenieros,<\/p>\n<p>Arquitectos y Agrimensores (CODIA.<\/p>\n<p>e. Contadores y Auditores: Copia del Decreto mediante el cual se otorg\u00f3 el exequ\u00e1tur.<\/p>\n<p>f. Alguaciles: Certificaci\u00f3n original emitida por la Divisi\u00f3n de Oficiales de la Justicia del Poder Judicial.<\/p>\n<p>g. Int\u00e9rpretes Judiciales: Certificaci\u00f3n original emitida por la Divisi\u00f3n de Oficiales de la Justicia del Poder<\/p>\n<p>Judicial.<\/p>\n<p>3. Declaraci\u00f3n original simple que indique que no es funcionario de primer y segundo nivel de jerarqu\u00eda de las<\/p>\n<p>instituciones del Estado, y que no se encuentra afectado por las dem\u00e1s prohibiciones establecidas en el<\/p>\n<p>art\u00edculo No. 14 de la Ley No. 340-06 y su modificaci\u00f3n, seg\u00fan formato emitido por la Direcci\u00f3n General de<\/p>\n<p>Contrataciones P\u00fablicas. Este documento no requiere ser legalizado por notario p\u00fablico.<\/p>\n<p>4. Estar al d\u00eda en el pago de sus impuestos. En caso de que el sistema de verificaci\u00f3n en l\u00ednea no se encuentre<\/p>\n<p>disponible por fallos t\u00e9cnicos o la consulta resulte negativa, la persona interesada podr\u00e1 aportar una<\/p>\n<p>certificaci\u00f3n f\u00edsica vigente, de as\u00ed desearlo, o en su defecto podr\u00e1 optar por esperar que se reestablezca el<\/p>\n<p>servicio de verificaci\u00f3n.<\/p>\n<p>5. Las actividades comerciales solicitadas deber\u00e1n coincidir con las registradas ante la Direcci\u00f3n General de<\/p>\n<p>Impuestos Internos (DGII). En caso de tener m\u00e1s de una actividad, deber\u00e1 presentar copia de la emisi\u00f3n del<\/p>\n<p>Registro Nacional de Contribuyentes o copia de la certificaci\u00f3n de registro del contribuyente emitido por la<\/p>\n<p>DGII que indique las actividades principales y las secundarias.<\/p>\n<p>6. Se verificar\u00e1 en l\u00ednea a trav\u00e9s del Ministerio de Industria y Comercio a aquellas personas f\u00edsicas y jur\u00eddicas<\/p>\n<p>interesadas en ser clasificadas como micro, peque\u00f1a y mediana empresa (MIPYME) dentro de su Registro de<\/p>\n<p>Proveedor del Estado. El solicitante tendr\u00e1 la opci\u00f3n de presentar la certificaci\u00f3n f\u00edsica vigente, en caso de tener<\/p>\n<p>alg\u00fan inconveniente con la certificaci\u00f3n en l\u00ednea.<\/p>\n<p>\u2022 En caso de solicitud de modificaci\u00f3n\/actualizaci\u00f3n a su registro de Proveedor, se verificar\u00e1 en l\u00ednea si est\u00e1 al<\/p>\n<p>d\u00eda en la Seguridad Social (TSS), si aplica. Si la consulta resulta negativa al momento de la aprobaci\u00f3n, la<\/p>\n<p>solicitud no podr\u00e1 ser procesada hasta que el pago se refleje en el sistema.<\/p>\n<p>\u2022 Queda a cargo del declarante mantener su direcci\u00f3n, correo electr\u00f3nico y tel\u00e9fono actualizado ante la<\/p>\n<p>Direcci\u00f3n General de Contrataciones P\u00fablicas.<\/p>\n<p>\u2022 Queda bajo la responsabilidad del declarante actualizar su expediente, si se presenta alguna situaci\u00f3n que<\/p>\n<p>modifique la declaraci\u00f3n simple presentada ante la Direcci\u00f3n General de Constataciones P\u00fablicas.<\/p>\n<h3>PERSONAS JUR\u00cdDICAS NACIONALES:<\/h3>\n<p>1. Completar el formulario de solicitud por el representante.<\/p>\n<p>2. Copia del Certificado de Registro Mercantil actualizado y vigente, registrado y sellado por la C\u00e1mara de<\/p>\n<p>Comercio y Producci\u00f3n correspondiente.<\/p>\n<p>3. Lista de \u00faltima Asamblea celebrada donde se verifique la composici\u00f3n accionaria certificada, registrada y<\/p>\n<p>sellada ante la C\u00e1mara de Comercio y Producci\u00f3n correspondiente.<\/p>\n<p>4. Copia de los estatutos o de la \u00faltima Asamblea celebrada donde se verifique el objeto social, registrada y<\/p>\n<p>sellada ante la C\u00e1mara de Comercio y Producci\u00f3n correspondiente (En caso de que el Registro Mercantil no<\/p>\n<p>presente todas las actividades comerciales).<\/p>\n<p>5. Declaraci\u00f3n simple en original que indique que sus accionistas no son funcionarios de primer y segundo<\/p>\n<p>nivel de jerarqu\u00eda de las instituciones del Estado, y que no se encuentran afectados por las dem\u00e1s<\/p>\n<p>prohibiciones establecidas en el art\u00edculo No. 14 de la Ley No. 340-06 y su modificaci\u00f3n, seg\u00fan formato emitido<\/p>\n<p>por la Direcci\u00f3n General de Contrataciones P\u00fablicas. Este documento no requiere ser legalizado por notario<\/p>\n<p>p\u00fablico.<\/p>\n<p>6. Estar al d\u00eda en el pago de sus impuestos. En caso de que el sistema de verificaci\u00f3n en l\u00ednea no se encuentre<\/p>\n<p>disponible por fallos t\u00e9cnicos o la consulta resulte negativa, la persona interesada podr\u00e1 aportar una<\/p>\n<p>certificaci\u00f3n f\u00edsica vigente, de as\u00ed desearlo, o en su defecto podr\u00e1 optar por esperar que se reestablezca el<\/p>\n<p>servicio de verificaci\u00f3n.<\/p>\n<p>7. Copia de la c\u00e9dula del solicitante (La persona que entrega la solicitud presencialmente).<\/p>\n<p>8. Se verificar\u00e1 en l\u00ednea a trav\u00e9s del Ministerio de Industria y Comercio a aquellas personas f\u00edsicas y jur\u00eddicas<\/p>\n<p>interesadas en ser clasificadas como micro, peque\u00f1a y mediana empresa (MIPYME) dentro de su Registro de<\/p>\n<p>Proveedor del Estado. El solicitante tendr\u00e1 la opci\u00f3n de presentar la certificaci\u00f3n f\u00edsica vigente, en caso de tener<\/p>\n<p>alg\u00fan inconveniente con la certificaci\u00f3n en l\u00ednea.<\/p>\n<p>\u2022 En caso de solicitud de modificaci\u00f3n\/actualizaci\u00f3n a su registro de Proveedor, se verificar\u00e1 en l\u00ednea si est\u00e1<\/p>\n<p>al d\u00eda en la Seguridad Social (TSS), si aplica. Si la consulta resulta negativa al momento de la aprobaci\u00f3n, la<\/p>\n<p>solicitud no podr\u00e1 ser procesada hasta que el pago se refleje en el sistema.<\/p>\n<p>\u2022 Queda bajo la responsabilidad del declarante actualizar su expediente con los documentos que pierdan<\/p>\n<p>vigencia, tales como: Registro Mercantil, Composici\u00f3n Accionaria, Certificaci\u00f3n MIPYME y Consejo de<\/p>\n<p>Administracion.<\/p>\n<p>\u2022 Queda bajo la responsabilidad del declarante actualizar su expediente, si se presenta alguna situaci\u00f3n que<\/p>\n<p>modifique la declaraci\u00f3n simple presentada ante la Direcci\u00f3n General de Constataciones P\u00fablicas.<\/p>\n<p>\u2022 Queda a cargo del declarante mantener su direcci\u00f3n, correo electr\u00f3nico y tel\u00e9fono actualizado ante la<\/p>\n<p>Direcci\u00f3n General de Contrataciones P\u00fablicas.<\/p>\n<h3>ASOCIACIONES SIN FINES DE LUCRO (LEY 122-05):<\/h3>\n<p>1. Completar el formulario de solicitud.<\/p>\n<p>2. Copia del registro de incorporaci\u00f3n emitido por la Procuradur\u00eda General de la Rep\u00fablica (Certificaci\u00f3n donde<\/p>\n<p>indique el n\u00famero de incorporaci\u00f3n de la instituci\u00f3n).<\/p>\n<p>3. Copia de la relaci\u00f3n de miembros actualizada, con sus datos (nombre completo, n\u00famero de identificaci\u00f3n<\/p>\n<p>personal y domicilio).<\/p>\n<p>4. Copia del acta donde se designe el \u00faltimo consejo de administraci\u00f3n con sus datos (nombre completo,<\/p>\n<p>n\u00famero de identificaci\u00f3n personal, cargo que desempe\u00f1a y domicilio).<\/p>\n<p>5. Copia de los estatutos o de la \u00faltima Asamblea celebrada donde se verifique el objeto social, vigente.<\/p>\n<p>6. Declaraci\u00f3n original simple que indique que sus miembros no son funcionarios de primer y segundo nivel de<\/p>\n<p>jerarqu\u00eda de las instituciones del Estado, y que no se encuentran afectados por las dem\u00e1s prohibiciones<\/p>\n<p>establecidas en el art\u00edculo No. 14 de la Ley No. 340-06 y su modificaci\u00f3n, seg\u00fan formato emitido por la<\/p>\n<p>Direcci\u00f3n General de Contrataciones P\u00fablicas, la cual no requiere ser legalizada por notario p\u00fablico.<\/p>\n<p>7. Estar al d\u00eda en el pago de sus impuestos. En caso de que el sistema de verificaci\u00f3n en l\u00ednea no se encuentre<\/p>\n<p>disponible por fallos t\u00e9cnicos o la consulta resulte negativa, la persona interesada podr\u00e1 aportar una<\/p>\n<p>certificaci\u00f3n f\u00edsica vigente, de as\u00ed desearlo, o en su defecto podr\u00e1 optar por esperar que se reestablezca el<\/p>\n<p>servicio de verificaci\u00f3n.<\/p>\n<p>\u2022 En caso de solicitud de modificaci\u00f3n\/actualizaci\u00f3n a su registro de Proveedor, se verificar\u00e1 en l\u00ednea si est\u00e1 al<\/p>\n<p>d\u00eda en la Seguridad Social (TSS), si aplica. Si la consulta resulta negativa al momento de la aprobaci\u00f3n, la<\/p>\n<p>solicitud no podr\u00e1 ser procesada hasta que el pago se refleje en el sistema.<\/p>\n<p>\u2022 Queda bajo la responsabilidad del declarante actualizar su expediente con los documentos que pierdan<\/p>\n<p>vigencia, tales como: Relaci\u00f3n de Miembros y Consejo de Administraci\u00f3n.<\/p>\n<p>\u2022 Queda bajo la responsabilidad del declarante actualizar su expediente, si se presenta alguna situaci\u00f3n que<\/p>\n<p>modifique la declaraci\u00f3n simple presentada ante la Direcci\u00f3n General de Constataciones P\u00fablicas.<\/p>\n<p>\u2022 Queda a cargo del declarante mantener su direcci\u00f3n, correo electr\u00f3nico y tel\u00e9fono actualizado ante la<\/p>\n<p>Direcci\u00f3n General de Contrataciones P\u00fablicas.<\/p>\n<h3>COOPERATIVAS:<\/h3>\n<p>1. Completar el formulario de solicitud.<\/p>\n<p>2. Copia del Decreto de incorporaci\u00f3n de la cooperativa.<\/p>\n<p>3. Certificaci\u00f3n original emitida por el Instituto de Desarrollo y Cr\u00e9dito Cooperativo (IDECOOP), que le acredite<\/p>\n<p>como cooperativa.<\/p>\n<p>4. Copia certificada de la n\u00f3mina de asociados actualizada, con sus datos (nombre completo, n\u00famero de<\/p>\n<p>identificaci\u00f3n personal y domicilio).<\/p>\n<p>5. Copia certificada del acta donde se designe el \u00faltimo consejo de administraci\u00f3n con sus datos (nombre<\/p>\n<p>completo, n\u00famero de identificaci\u00f3n personal, cargo que desempe\u00f1a y domicilio).<\/p>\n<p>6. Copia de los estatutos o de la \u00faltima Asamblea celebrada donde se verifique el objeto social vigente.<\/p>\n<p>7. Declaraci\u00f3n original simple que indique que sus miembros no son funcionarios de primer y segundo nivel de<\/p>\n<p>jerarqu\u00eda de las instituciones del Estado, y que no se encuentran afectados por las dem\u00e1s prohibiciones<\/p>\n<p>establecidas en el art\u00edculo No. 14 de la Ley No. 340-06 y su modificaci\u00f3n, seg\u00fan formato emitido por la<\/p>\n<p>Direcci\u00f3n General de Contrataciones P\u00fablicas. Este documento no requiere ser legalizada por notario p\u00fablico.<\/p>\n<p>8. Estar al d\u00eda en el pago de sus impuestos. En caso de que el sistema de verificaci\u00f3n en l\u00ednea no se encuentre<\/p>\n<p>disponible por fallos t\u00e9cnicos o la consulta resulte negativa, la persona interesada podr\u00e1 aportar una<\/p>\n<p>certificaci\u00f3n f\u00edsica vigente, de as\u00ed desearlo, o en su defecto podr\u00e1 optar por esperar que se reestablezca el<\/p>\n<p>servicio de verificaci\u00f3n.<\/p>\n<p>\u2022 En caso de solicitud de modificaci\u00f3n\/actualizaci\u00f3n a su registro de Proveedor, se verificar\u00e1 en l\u00ednea si est\u00e1 al<\/p>\n<p>d\u00eda en la Seguridad Social (TSS), si aplica. Si la consulta resulta negativa al momento de la aprobaci\u00f3n, la<\/p>\n<p>solicitud no podr\u00e1 ser procesada hasta que el pago se refleje en el sistema.<\/p>\n<p>\u2022 Queda bajo la responsabilidad del declarante actualizar su expediente con los documentos que pierdan<\/p>\n<p>vigencia, tales como: Nomina de Asociados y Consejo de Administraci\u00f3n.<\/p>\n<p>\u2022 Queda bajo la responsabilidad del declarante actualizar su expediente, si se presenta alguna situaci\u00f3n que<\/p>\n<p>modifique la declaraci\u00f3n simple presentada ante la Direcci\u00f3n General de Constataciones P\u00fablicas.<\/p>\n<p>\u2022 Queda a cargo del declarante mantener su direcci\u00f3n, correo electr\u00f3nico y tel\u00e9fono actualizado ante la<\/p>\n<p>Direcci\u00f3n General de Contrataciones P\u00fablicas.<\/p>\n<h3>ENTIDADES DEL ESTADO:<\/h3>\n<p>1. Completar el formulario de solicitud.<\/p>\n<p>2. Autorizaci\u00f3n del inc\u00fambete a la persona designada para representar a la entidad para inscripci\u00f3n como<\/p>\n<p>Proveedora del Estado.<\/p>\n<p>3. Copia del Decreto o acta que designa a la m\u00e1xima autoridad de la instituci\u00f3n.<\/p>\n<p>\u2022 Queda a cargo del declarante mantener su direcci\u00f3n, correo electr\u00f3nico y tel\u00e9fono actualizado ante la<\/p>\n<p>Direcci\u00f3n General de Contrataciones P\u00fablicas.<\/p>\n<h3>CONSORCIOS:<\/h3>\n<p>1. Completar el formulario de solicitud por el representante.<\/p>\n<p>2. Copia del acta de adjudicaci\u00f3n emitida por la entidad contratante.<\/p>\n<p>3. Copia del Acto Notarial por el cual se formaliza el consorcio, incluyendo su objeto, las obligaciones de las<\/p>\n<p>partes, su duraci\u00f3n, la capacidad de ejercicio de cada miembro del consorcio, la designaci\u00f3n del representante,<\/p>\n<p>as\u00ed como sus generales.<\/p>\n<p>4. Las personas f\u00edsicas y jur\u00eddicas que conformen el consorcio deber\u00e1n estar inscritas en el Registro de<\/p>\n<p>Proveedores del Estado.<\/p>\n<p>5. Las personas f\u00edsicas y jur\u00eddicas nacionales que conforman el consorcio y el consorcio deber\u00e1n estar al d\u00eda<\/p>\n<p>en el pago de sus obligaciones fiscales (DGII). En caso de que el sistema de verificaci\u00f3n en l\u00ednea no se<\/p>\n<p>encuentre disponible por fallos t\u00e9cnicos o la consulta resulte negativa, la persona interesada podr\u00e1 aportar una<\/p>\n<p>certificaci\u00f3n f\u00edsica vigente, de as\u00ed desearlo, o en su defecto podr\u00e1 optar por esperar que se reestablezca el<\/p>\n<p>servicio de verificaci\u00f3n.<\/p>\n<p>\u2022 En caso de solicitud de modificaci\u00f3n\/actualizaci\u00f3n a su registro de Proveedor, se verificar\u00e1 en l\u00ednea si est\u00e1 al<\/p>\n<p>d\u00eda en la Seguridad Social (TSS), si aplica. Si la consulta resulta negativa al momento de la aprobaci\u00f3n, la<\/p>\n<p>solicitud no podr\u00e1 ser procesada hasta que el pago se refleje en el sistema.<\/p>\n<p>\u2022 Queda a cargo del declarante mantener su direcci\u00f3n, correo electr\u00f3nico y tel\u00e9fono actualizado ante la<\/p>\n<p>Direcci\u00f3n General de Contrataciones P\u00fablicas.<\/p>\n<h3>PERSONAS JUR\u00cdDICAS QUE NO SON NI SOCIEDADES COMERCIALES, NI ASOCIACIONES SIN FINES DE LUCRO (LEY 122-05), NI COOPERATIVAS, NI CONSORCIOS:<\/h3>\n<p>1. Completar el formulario de solicitud.<\/p>\n<p>2. Copia del documento legal que lo faculte a operar.<\/p>\n<p>3. Copia del documento donde demuestre el objeto social o actividad, firmado por los miembros de la junta<\/p>\n<p>directiva con el sello de la instituci\u00f3n.<\/p>\n<p>4. Copia del acta donde se designe el \u00faltimo consejo de administraci\u00f3n o equivalente con sus datos (nombre<\/p>\n<p>completo, n\u00famero de identificaci\u00f3n personal, cargo que desempe\u00f1a y domicilio).<\/p>\n<p>5. Declaraci\u00f3n original simple que indique que sus miembros no son funcionarios de primer y segundo nivel de<\/p>\n<p>jerarqu\u00eda de las instituciones del Estado, y que no se encuentran afectados por las dem\u00e1s prohibiciones<\/p>\n<p>establecidas en el art\u00edculo No. 14 de la Ley No. 340-06 y su modificaci\u00f3n, seg\u00fan formato emitido por la<\/p>\n<p>Direcci\u00f3n General de Contrataciones P\u00fablicas. Este documento no requiere ser legalizado por notario p\u00fablico.<\/p>\n<p>6. Estar al d\u00eda en el pago de sus impuestos. en caso de que el sistema de verificaci\u00f3n en l\u00ednea no se encuentre<\/p>\n<p>disponible por fallos t\u00e9cnicos o la consulta resulte negativa, la persona interesada podr\u00e1 aportar una<\/p>\n<p>certificaci\u00f3n f\u00edsica vigente, de as\u00ed desearlo, o en su defecto podr\u00e1 optar por esperar que se reestablezca el<\/p>\n<p>servicio de verificaci\u00f3n.<\/p>\n<p>\u2022 En caso de solicitud de modificaci\u00f3n\/actualizaci\u00f3n a su registro de Proveedor, se verificar\u00e1 en l\u00ednea si est\u00e1 al<\/p>\n<p>d\u00eda en la Seguridad Social (TSS), si aplica. Si la consulta resulta negativa al momento de la aprobaci\u00f3n, la<\/p>\n<p>solicitud no podr\u00e1 ser procesada hasta que el pago se refleje en el sistema.<\/p>\n<p>\u2022 Queda bajo la responsabilidad del declarante actualizar su expediente con los documentos que pierdan<\/p>\n<p>vigencia, tales como: Consejo de Administraci\u00f3n.<\/p>\n<p>\u2022 Queda bajo la responsabilidad del declarante actualizar su expediente, si se presenta alguna situaci\u00f3n que<\/p>\n<p>modifique la declaraci\u00f3n simple presentada ante la Direcci\u00f3n General de Constataciones P\u00fablicas.<\/p>\n<p>\u2022 Queda a cargo del declarante mantener su direcci\u00f3n, correo electr\u00f3nico y tel\u00e9fono actualizado ante la<\/p>\n<p>Direcci\u00f3n General de Contrataciones P\u00fablicas.<\/p>\n<h3>PERSONAS F\u00cdSICAS EXTRANJERAS:<\/h3>\n<p>1. Completar el formulario de solicitud.<\/p>\n<p>2. Copia documento de identidad.<\/p>\n<p>3. Declaraci\u00f3n original simple que indique que sus accionistas no son funcionarios de primer y segundo nivel<\/p>\n<p>de jerarqu\u00eda de las instituciones del Estado, y que no se encuentran afectados por las dem\u00e1s prohibiciones<\/p>\n<p>establecidas en el art\u00edculo No. 14 de la Ley No. 340-06 y su modificaci\u00f3n, seg\u00fan formato emitido por la<\/p>\n<p>Direcci\u00f3n General de Contrataciones P\u00fablicas. Este documento no requiere ser legalizado por notario p\u00fablico.<\/p>\n<p>4. Documento que demuestre que se encuentra al d\u00eda en su pa\u00eds con el pago de sus obligaciones fiscales (En<\/p>\n<p>caso que el documento se pueda validar v\u00eda internet, no requiere estar apostillada).<\/p>\n<p>5. La documentaci\u00f3n que se encuentre en un idioma diferente al espa\u00f1ol deber\u00e1 presentarse debidamente<\/p>\n<p>traducida por un int\u00e9rprete judicial.<\/p>\n<p>6. Toda la documentaci\u00f3n deber\u00e1 estar Apostillada conforme al Convenio de la Haya o por el Consulado<\/p>\n<p>Dominicano del pa\u00eds de procedencia, seg\u00fan corresponda, con excepci\u00f3n del Formulario de solicitud y<\/p>\n<p>Declaraci\u00f3n jurada.<\/p>\n<p>\u2022 En caso de pertenecer a alguna profesi\u00f3n que amerite un aval de competencia, deber\u00e1 presentar el<\/p>\n<p>equivalente a la certificaci\u00f3n o permiso para ejercer que le otorguen en su pa\u00eds de origen.<\/p>\n<p>\u2022 En caso de solicitud de modificaci\u00f3n\/actualizaci\u00f3n a su registro de Proveedor, se verificar\u00e1 en l\u00ednea si est\u00e1 al<\/p>\n<p>d\u00eda en la Seguridad Social (TSS), si aplica. Si la consulta resulta negativa al momento de la aprobaci\u00f3n, la<\/p>\n<p>solicitud no podr\u00e1 ser procesada hasta que el pago se refleje en el sistema.<\/p>\n<p>\u2022 Queda bajo la responsabilidad del declarante actualizar su expediente, si se presenta alguna situaci\u00f3n que<\/p>\n<p>modifique la declaraci\u00f3n simple presentada ante la Direcci\u00f3n General de Constataciones P\u00fablicas.<\/p>\n<p>\u2022 Queda a cargo del declarante mantener su direcci\u00f3n, correo electr\u00f3nico y tel\u00e9fono actualizado ante la<\/p>\n<p>Direcci\u00f3n General de Contrataciones P\u00fablicas.<\/p>\n<h3>PERSONAS JUR\u00cdDICAS EXTRANJERAS:<\/h3>\n<p>1. Completar el formulario de solicitud.<\/p>\n<p>2. Documentos que demuestren el objeto social o actividad comercial espec\u00edfica, la fecha de constituci\u00f3n, su<\/p>\n<p>documento de identidad, el \u00f3rgano de administraci\u00f3n o la composici\u00f3n accionaria (con los n\u00fameros de<\/p>\n<p>identidad de las personas que son accionistas y conforman el \u00f3rgano de administraci\u00f3n), de su pa\u00eds de origen.<\/p>\n<p>3. Declaraci\u00f3n original simple que indique que sus accionistas no son funcionarios de primer y segundo nivel de<\/p>\n<p>jerarqu\u00eda de las instituciones del Estado, y que no se encuentran afectados por las dem\u00e1s prohibiciones<\/p>\n<p>establecidas en el art\u00edculo No. 14 de la Ley No. 340-06 y su modificaci\u00f3n, seg\u00fan formato emitido por la<\/p>\n<p>Direcci\u00f3n General de Contrataciones P\u00fablicas. Este documento no requiere ser legalizado por notario p\u00fablico.<\/p>\n<p>4. Documento que demuestre que se encuentra al d\u00eda en su pa\u00eds con el pago de sus obligaciones fiscales (En<\/p>\n<p>caso que el documento se pueda validar v\u00eda internet, no requiere estar apostillada).<\/p>\n<p>5. La documentaci\u00f3n que se encuentre en un idioma diferente al espa\u00f1ol deber\u00e1 presentarse debidamente<\/p>\n<p>traducida por un int\u00e9rprete judicial.<\/p>\n<p>6. Toda la documentaci\u00f3n deber\u00e1 estar Apostillada conforme al Convenio de la Haya o por el Consulado<\/p>\n<p>Dominicano del pa\u00eds de procedencia, seg\u00fan corresponda, con excepci\u00f3n el Formulario de solicitud y<\/p>\n<p>Declaraci\u00f3n jurada.<\/p>\n<p>\u2022 En caso de solicitud de modificaci\u00f3n\/actualizaci\u00f3n a su registro de Proveedor, se verificar\u00e1 en l\u00ednea si est\u00e1 al<\/p>\n<p>d\u00eda en la Seguridad Social (TSS), si aplica. Si la consulta resulta negativa al momento de la aprobaci\u00f3n, la<\/p>\n<p>solicitud no podr\u00e1 ser procesada hasta que el pago se refleje en el sistema.<\/p>\n<p>\u2022 Queda bajo la responsabilidad del declarante actualizar su expediente, si se presenta alguna situaci\u00f3n que<\/p>\n<p>modifique la declaraci\u00f3n simple presentada ante la Direcci\u00f3n General de Constataciones P\u00fablicas.<\/p>\n<p>\u2022 Queda a cargo del declarante mantener su direcci\u00f3n, correo electr\u00f3nico y tel\u00e9fono actualizado ante la<\/p>\n<p>Direcci\u00f3n General de Contrataciones P\u00fablicas.<\/p>\n","protected":false},"excerpt":{"rendered":"ASI PUEDES SER PROVEEDOR DE NUESTRA JUNTA PERSONAS F\u00cdSICAS NACIONALES: 1. Completar el formulario de solicitud. 2. Documento seg\u00fan solicitante: a. Abogados: Certificaci\u00f3n original o carnet del Colegio Dominicano de Abogados. b. Notarios: Certificaci\u00f3n original o carnet del Colegio Dominicano de Notarios Inc. c. M\u00e9dicos: Certificaci\u00f3n original del Colegio M\u00e9dico Dominicano. d. Ingenieros, arquitectos y&#8230;","protected":false},"author":1,"featured_media":0,"parent":0,"menu_order":0,"comment_status":"closed","ping_status":"closed","template":"","meta":{"footnotes":""},"class_list":["post-339","page","type-page","status-publish","hentry"],"acf":[],"_links":{"self":[{"href":"https:\/\/distritomunicipalmaimon.gob.do\/transparencia\/wp-json\/wp\/v2\/pages\/339"}],"collection":[{"href":"https:\/\/distritomunicipalmaimon.gob.do\/transparencia\/wp-json\/wp\/v2\/pages"}],"about":[{"href":"https:\/\/distritomunicipalmaimon.gob.do\/transparencia\/wp-json\/wp\/v2\/types\/page"}],"author":[{"embeddable":true,"href":"https:\/\/distritomunicipalmaimon.gob.do\/transparencia\/wp-json\/wp\/v2\/users\/1"}],"replies":[{"embeddable":true,"href":"https:\/\/distritomunicipalmaimon.gob.do\/transparencia\/wp-json\/wp\/v2\/comments?post=339"}],"version-history":[{"count":2,"href":"https:\/\/distritomunicipalmaimon.gob.do\/transparencia\/wp-json\/wp\/v2\/pages\/339\/revisions"}],"predecessor-version":[{"id":373,"href":"https:\/\/distritomunicipalmaimon.gob.do\/transparencia\/wp-json\/wp\/v2\/pages\/339\/revisions\/373"}],"wp:attachment":[{"href":"https:\/\/distritomunicipalmaimon.gob.do\/transparencia\/wp-json\/wp\/v2\/media?parent=339"}],"curies":[{"name":"wp","href":"https:\/\/api.w.org\/{rel}","templated":true}]}}