{"id":258,"date":"2018-01-22T10:17:40","date_gmt":"2018-01-22T14:17:40","guid":{"rendered":"http:\/\/ayuntamiento.o\/transparencia\/?page_id=258"},"modified":"2024-12-04T12:32:49","modified_gmt":"2024-12-04T16:32:49","slug":"responsable-de-acceso-a-la-informacion","status":"publish","type":"page","link":"https:\/\/distritomunicipalmaimon.gob.do\/transparencia\/responsable-de-acceso-a-la-informacion\/","title":{"rendered":"Responsable de Acceso a la Informaci\u00f3n"},"content":{"rendered":"<h1 style=\"text-align: left;\"><strong>Contacto Responsable de Acceso a la informaci\u00f3n<\/strong><\/h1>\n<p><span style=\"font-size: 14pt;\"><strong>Encargado:<\/strong> Sra. Ana Lucia Marmolejos Cruz<\/span><\/p>\n<p><span style=\"font-size: 12pt;\"><span style=\"font-size: 14pt;\"><b>Tel\u00e9fono<\/b><\/span><strong>:<\/strong> <span style=\"font-size: 14pt;\">(829) 451-4711<\/span>\u00a0(<em>WhatsApp<\/em>)<\/span><\/p>\n<p><span style=\"font-size: 12pt;\"><strong><span style=\"font-size: 14pt;\">E-MAIL:<\/span>\u00a0\u00a0<a href=\"mailto:Freedatamaimon@gmail.com\">Freedatamaimon@gmail.com<\/a><\/strong><strong>\u00a0\/\u00a0<\/strong><strong><a href=\"mailto:Juntadistritalmaimon@gmail.com\">Juntadistritalmaimon@gmail.com<\/a><\/strong><\/span><\/p>\n<p><span style=\"font-size: 14pt;\"><b>Direcci\u00f3n<\/b><strong>: <\/strong><\/span><span style=\"font-size: 12pt;\">Calle Pepillo Salcedo #26, Maim\u00f3n, Puerto Plata- Rep\u00fablica Dominicana.<\/span><\/p>\n<p style=\"text-align: justify;\"><em><span style=\"font-size: 12pt;\">Cont\u00e1ctenos y le retornaremos el mensaje tan pronto como sea posible. Esperamos saber de usted en lo adelante.<\/span><\/em><\/p>\n\n\n<figure class=\"wp-block-gallery has-nested-images columns-default is-cropped wp-block-gallery-1 is-layout-flex wp-block-gallery-is-layout-flex\">\n<figure class=\"wp-block-image size-large\"><img loading=\"lazy\" decoding=\"async\" width=\"700\" height=\"525\" data-id=\"1892\" src=\"https:\/\/distritomunicipalmaimon.gob.do\/transparencia\/wp-content\/uploads\/2024\/06\/IMG_1365-700x525.jpg\" alt=\"\" class=\"wp-image-1892\" srcset=\"https:\/\/distritomunicipalmaimon.gob.do\/transparencia\/wp-content\/uploads\/2024\/06\/IMG_1365-700x525.jpg 700w, https:\/\/distritomunicipalmaimon.gob.do\/transparencia\/wp-content\/uploads\/2024\/06\/IMG_1365-250x188.jpg 250w, https:\/\/distritomunicipalmaimon.gob.do\/transparencia\/wp-content\/uploads\/2024\/06\/IMG_1365-768x576.jpg 768w, https:\/\/distritomunicipalmaimon.gob.do\/transparencia\/wp-content\/uploads\/2024\/06\/IMG_1365-1536x1152.jpg 1536w, https:\/\/distritomunicipalmaimon.gob.do\/transparencia\/wp-content\/uploads\/2024\/06\/IMG_1365-2048x1536.jpg 2048w, https:\/\/distritomunicipalmaimon.gob.do\/transparencia\/wp-content\/uploads\/2024\/06\/IMG_1365-120x90.jpg 120w\" sizes=\"(max-width: 700px) 100vw, 700px\" \/><\/figure>\n<\/figure>\n","protected":false},"excerpt":{"rendered":"Contacto Responsable de Acceso a la informaci\u00f3n Encargado: Sra. Ana Lucia Marmolejos Cruz Tel\u00e9fono: (829) 451-4711\u00a0(WhatsApp) E-MAIL:\u00a0\u00a0Freedatamaimon@gmail.com\u00a0\/\u00a0Juntadistritalmaimon@gmail.com Direcci\u00f3n: Calle Pepillo Salcedo #26, Maim\u00f3n, Puerto Plata- Rep\u00fablica Dominicana. Cont\u00e1ctenos y le retornaremos el mensaje tan pronto como sea posible. Esperamos saber de usted en lo adelante.","protected":false},"author":1,"featured_media":0,"parent":0,"menu_order":0,"comment_status":"closed","ping_status":"closed","template":"","meta":{"footnotes":""},"class_list":["post-258","page","type-page","status-publish","hentry"],"acf":[],"_links":{"self":[{"href":"https:\/\/distritomunicipalmaimon.gob.do\/transparencia\/wp-json\/wp\/v2\/pages\/258"}],"collection":[{"href":"https:\/\/distritomunicipalmaimon.gob.do\/transparencia\/wp-json\/wp\/v2\/pages"}],"about":[{"href":"https:\/\/distritomunicipalmaimon.gob.do\/transparencia\/wp-json\/wp\/v2\/types\/page"}],"author":[{"embeddable":true,"href":"https:\/\/distritomunicipalmaimon.gob.do\/transparencia\/wp-json\/wp\/v2\/users\/1"}],"replies":[{"embeddable":true,"href":"https:\/\/distritomunicipalmaimon.gob.do\/transparencia\/wp-json\/wp\/v2\/comments?post=258"}],"version-history":[{"count":16,"href":"https:\/\/distritomunicipalmaimon.gob.do\/transparencia\/wp-json\/wp\/v2\/pages\/258\/revisions"}],"predecessor-version":[{"id":2125,"href":"https:\/\/distritomunicipalmaimon.gob.do\/transparencia\/wp-json\/wp\/v2\/pages\/258\/revisions\/2125"}],"wp:attachment":[{"href":"https:\/\/distritomunicipalmaimon.gob.do\/transparencia\/wp-json\/wp\/v2\/media?parent=258"}],"curies":[{"name":"wp","href":"https:\/\/api.w.org\/{rel}","templated":true}]}}